{"id":49,"date":"2022-12-21T07:15:13","date_gmt":"2022-12-21T07:15:13","guid":{"rendered":"https:\/\/cela.com.co\/index.php\/events\/"},"modified":"2025-08-10T03:51:12","modified_gmt":"2025-08-10T03:51:12","slug":"events","status":"publish","type":"page","link":"https:\/\/cela.com.co\/index.php\/events\/","title":{"rendered":"4.2 Pel\u00edculas Esp\u00edritas"},"content":{"rendered":"<!--themify_builder_content-->\n<div id=\"themify_builder_content-49\" data-postid=\"49\" class=\"themify_builder_content themify_builder_content-49 themify_builder tf_clear\">\n                    <div  data-css_id=\"xb83966\" data-lazy=\"1\" class=\"module_row themify_builder_row fullheight fullwidth_row_container tb_xb83966 tb_first tf_w\" data-tbfullwidthvideo=\"https:\/\/cela.com.co\/wp-content\/uploads\/2025\/08\/guitar.mp4\">\n                        <div class=\"row_inner col_align_top tb_col_count_1 tf_box tf_rel\">\n                        <div  data-lazy=\"1\" class=\"module_column tb-column col-full tb_hh5t966 first\">\n                    <!-- module text -->\n<div  class=\"module module-text tb_klvl967   \" data-lazy=\"1\">\n        <div  class=\"tb_text_wrap\">\n        <h1 style=\"text-align: center;\">PEL\u00cdCULAS ESP\u00cdRITAS<\/h1>    <\/div>\n<\/div>\n<!-- \/module text -->        <\/div>\n                        <\/div>\n        <\/div>\n                        <div  data-lazy=\"1\" class=\"module_row themify_builder_row tb_ykl584 tf_w\">\n                        <div class=\"row_inner col_align_top tb_col_count_1 tf_box tf_rel\">\n                        <div  data-lazy=\"1\" class=\"module_column tb-column col-full tb_mchx85 first\">\n                    <!-- module plain text -->\n<div  class=\"module module-plain-text tb_ac3398 \" data-lazy=\"1\">\n        <div class=\"tb_text_wrap\">\n    \r\n<div id=\"aiovg-69e343c25003f1\" class=\"aiovg aiovg-videos aiovg-videos-template-classic\">\r\n            <div class=\"aiovg-count\">\r\n            8 videos found        <\/div>\r\n        \r\n    <!-- Videos -->\r\n    <div class=\"aiovg-section-videos aiovg-grid aiovg-row\">   \r\n                    \r\n            <div class=\"aiovg-item-video aiovg-item-video-1532 aiovg-col aiovg-col-1\" data-id=\"1532\">\r\n                \n<div class=\"aiovg-thumbnail aiovg-thumbnail-style-image-top\">\n    <a href=\"https:\/\/cela.com.co\/index.php\/index.php\/events\/nuestro-hogar-describe-la-vida-tras-la-muerte-fisica-desde-una-dimension-no-fisica\/\" class=\"aiovg-responsive-container\" style=\"padding-bottom: 56.25%;\"><img decoding=\"async\" src=\"https:\/\/cela.com.co\/wp-content\/uploads\/2025\/08\/Captura-de-pantalla-2025-08-09-220600-300x129.png\" alt=\"Nuestro Hogar&quot; Describe la vida tras la muerte f\u00edsica desde una dimensi\u00f3n no f\u00edsica&quot;\" class=\"aiovg-responsive-element\"\/><div class=\"aiovg-duration\">1:49:28<\/div><svg xmlns=\"http:\/\/www.w3.org\/2000\/svg\" fill=\"white\" width=\"40\" height=\"40\" viewBox=\"0 0 24 24\" class=\"aiovg-svg-icon-play aiovg-flex-shrink-0\">\n            <path fill-rule=\"evenodd\" d=\"M2.25 12c0-5.385 4.365-9.75 9.75-9.75s9.75 4.365 9.75 9.75-4.365 9.75-9.75 9.75S2.25 17.385 2.25 12Zm14.024-.983a1.125 1.125 0 0 1 0 1.966l-5.603 3.113A1.125 1.125 0 0 1 9 15.113V8.887c0-.857.921-1.4 1.671-.983l5.603 3.113Z\" clip-rule=\"evenodd\" \/>\n        <\/svg><\/a> \n    <div class=\"aiovg-caption\">\n                    <div class=\"aiovg-title\">\n                <a href=\"https:\/\/cela.com.co\/index.php\/index.php\/events\/nuestro-hogar-describe-la-vida-tras-la-muerte-fisica-desde-una-dimension-no-fisica\/\" class=\"aiovg-link-title\">Nuestro Hogar\u00bb Describe la vida tras la muerte f\u00edsica desde una dimensi\u00f3n no f\u00edsica\u00bb<\/a>            <\/div>\n        \n        \n        <div class=\"aiovg-meta aiovg-flex aiovg-flex-wrap aiovg-gap-1 aiovg-items-center aiovg-text-small\"><div class=\"aiovg-date aiovg-flex aiovg-gap-1 aiovg-items-center\"><svg xmlns=\"http:\/\/www.w3.org\/2000\/svg\" fill=\"none\" width=\"16\" height=\"16\" viewBox=\"0 0 24 24\" stroke-width=\"1.5\" stroke=\"currentColor\" class=\"aiovg-flex-shrink-0\">\n                <path stroke-linecap=\"round\" stroke-linejoin=\"round\" d=\"M6.75 3v2.25M17.25 3v2.25M3 18.75V7.5a2.25 2.25 0 0 1 2.25-2.25h13.5A2.25 2.25 0 0 1 21 7.5v11.25m-18 0A2.25 2.25 0 0 0 5.25 21h13.5A2.25 2.25 0 0 0 21 18.75m-18 0v-7.5A2.25 2.25 0 0 1 5.25 9h13.5A2.25 2.25 0 0 1 21 11.25v7.5m-9-6h.008v.008H12v-.008ZM12 15h.008v.008H12V15Zm0 2.25h.008v.008H12v-.008ZM9.75 15h.008v.008H9.75V15Zm0 2.25h.008v.008H9.75v-.008ZM7.5 15h.008v.008H7.5V15Zm0 2.25h.008v.008H7.5v-.008Zm6.75-4.5h.008v.008h-.008v-.008Zm0 2.25h.008v.008h-.008V15Zm0 2.25h.008v.008h-.008v-.008Zm2.25-4.5h.008v.008H16.5v-.008Zm0 2.25h.008v.008H16.5V15Z\" \/>\n            <\/svg><time>8 meses ago<\/time><span class=\"aiovg-text-separator\">\u2022<\/span><\/div><div class=\"aiovg-views aiovg-flex aiovg-gap-1 aiovg-items-center\"><svg xmlns=\"http:\/\/www.w3.org\/2000\/svg\" fill=\"none\" width=\"16\" height=\"16\" viewBox=\"0 0 24 24\" stroke-width=\"1.5\" stroke=\"currentColor\" class=\"aiovg-flex-shrink-0\">\n                <path stroke-linecap=\"round\" stroke-linejoin=\"round\" d=\"M2.036 12.322a1.012 1.012 0 0 1 0-.639C3.423 7.51 7.36 4.5 12 4.5c4.638 0 8.573 3.007 9.963 7.178.07.207.07.431 0 .639C20.577 16.49 16.64 19.5 12 19.5c-4.638 0-8.573-3.007-9.963-7.178Z\" \/>\n                <path stroke-linecap=\"round\" stroke-linejoin=\"round\" d=\"M15 12a3 3 0 1 1-6 0 3 3 0 0 1 6 0Z\" \/>\n            <\/svg><span class=\"aiovg-views-count\">10<\/span><span class=\"aiovg-views-label\">views<\/span><\/div><\/div>       \n        \n        \n               \n\n         \n        \n            <\/div>    \n<\/div>            \r\n            <\/div>                \r\n                <\/div>\r\n    \r\n    <aiovg-pagination class=\"aiovg-pagination aiovg-text-center\"><div class=\"aiovg-pagination-links\"><span aria-current=\"page\" class=\"page-numbers current\">1<\/span><a class=\"page-numbers\" href=\"https:\/\/cela.com.co\/index.php\/wp-json\/wp\/v2\/pages\/49\/page\/2\">2<\/a><a class=\"page-numbers\" href=\"https:\/\/cela.com.co\/index.php\/wp-json\/wp\/v2\/pages\/49\/page\/3\">3<\/a><span class=\"page-numbers dots\">&hellip;<\/span><a class=\"page-numbers\" href=\"https:\/\/cela.com.co\/index.php\/wp-json\/wp\/v2\/pages\/49\/page\/8\">8<\/a><a class=\"next page-numbers\" href=\"https:\/\/cela.com.co\/index.php\/wp-json\/wp\/v2\/pages\/49\/page\/2\">&raquo;<\/a><\/div><div class=\"aiovg-pagination-info aiovg-text-muted aiovg-text-small\">Page 1 of 8<\/div><\/aiovg-pagination><\/div>    <\/div>\n<\/div>\n<!-- \/module plain text -->        <\/div>\n                        <\/div>\n        <\/div>\n        <\/div>\n<!--\/themify_builder_content-->","protected":false},"excerpt":{"rendered":"","protected":false},"author":1,"featured_media":0,"parent":0,"menu_order":0,"comment_status":"closed","ping_status":"closed","template":"","meta":{"footnotes":""},"class_list":["post-49","page","type-page","status-publish","hentry","has-post-title","has-post-date","has-post-category","has-post-tag","has-post-comment","has-post-author",""],"yoast_head":"<!-- This site is optimized with the Yoast SEO plugin v27.0 - https:\/\/yoast.com\/product\/yoast-seo-wordpress\/ -->\n<title>4.2 Pel\u00edculas Esp\u00edritas -<\/title>\n<meta name=\"robots\" content=\"index, follow, max-snippet:-1, max-image-preview:large, max-video-preview:-1\" \/>\n<link rel=\"canonical\" href=\"https:\/\/cela.com.co\/index.php\/events\/\" \/>\n<meta property=\"og:locale\" content=\"es_ES\" \/>\n<meta property=\"og:type\" content=\"article\" \/>\n<meta property=\"og:title\" content=\"4.2 Pel\u00edculas Esp\u00edritas -\" \/>\n<meta property=\"og:url\" content=\"https:\/\/cela.com.co\/index.php\/events\/\" \/>\n<meta property=\"article:publisher\" content=\"https:\/\/www.facebook.com\/centroespiritaluzdeamor\" \/>\n<meta property=\"article:modified_time\" content=\"2025-08-10T03:51:12+00:00\" \/>\n<meta name=\"twitter:card\" content=\"summary_large_image\" \/>\n<script type=\"application\/ld+json\" class=\"yoast-schema-graph\">{\"@context\":\"https:\/\/schema.org\",\"@graph\":[{\"@type\":\"WebPage\",\"@id\":\"https:\/\/cela.com.co\/index.php\/events\/\",\"url\":\"https:\/\/cela.com.co\/index.php\/events\/\",\"name\":\"4.2 Pel\u00edculas Esp\u00edritas -\",\"isPartOf\":{\"@id\":\"https:\/\/cela.com.co\/#website\"},\"datePublished\":\"2022-12-21T07:15:13+00:00\",\"dateModified\":\"2025-08-10T03:51:12+00:00\",\"breadcrumb\":{\"@id\":\"https:\/\/cela.com.co\/index.php\/events\/#breadcrumb\"},\"inLanguage\":\"es\",\"potentialAction\":[{\"@type\":\"ReadAction\",\"target\":[\"https:\/\/cela.com.co\/index.php\/events\/\"]}]},{\"@type\":\"BreadcrumbList\",\"@id\":\"https:\/\/cela.com.co\/index.php\/events\/#breadcrumb\",\"itemListElement\":[{\"@type\":\"ListItem\",\"position\":1,\"name\":\"Portada\",\"item\":\"https:\/\/cela.com.co\/\"},{\"@type\":\"ListItem\",\"position\":2,\"name\":\"4.2 Pel\u00edculas Esp\u00edritas\"}]},{\"@type\":\"WebSite\",\"@id\":\"https:\/\/cela.com.co\/#website\",\"url\":\"https:\/\/cela.com.co\/\",\"name\":\"cela.com.co\",\"description\":\"Centro Esp\u00edrita Luz de Amor - CELA\",\"publisher\":{\"@id\":\"https:\/\/cela.com.co\/#organization\"},\"potentialAction\":[{\"@type\":\"SearchAction\",\"target\":{\"@type\":\"EntryPoint\",\"urlTemplate\":\"https:\/\/cela.com.co\/?s={search_term_string}\"},\"query-input\":{\"@type\":\"PropertyValueSpecification\",\"valueRequired\":true,\"valueName\":\"search_term_string\"}}],\"inLanguage\":\"es\"},{\"@type\":\"Organization\",\"@id\":\"https:\/\/cela.com.co\/#organization\",\"name\":\"Centro Esp\u00edrita Luz de Amor\",\"url\":\"https:\/\/cela.com.co\/\",\"logo\":{\"@type\":\"ImageObject\",\"inLanguage\":\"es\",\"@id\":\"https:\/\/cela.com.co\/#\/schema\/logo\/image\/\",\"url\":\"https:\/\/cela.com.co\/wp-content\/uploads\/2025\/10\/Diseno-sin-titulo.png\",\"contentUrl\":\"https:\/\/cela.com.co\/wp-content\/uploads\/2025\/10\/Diseno-sin-titulo.png\",\"width\":1200,\"height\":1200,\"caption\":\"Centro Esp\u00edrita Luz de Amor\"},\"image\":{\"@id\":\"https:\/\/cela.com.co\/#\/schema\/logo\/image\/\"},\"sameAs\":[\"https:\/\/www.facebook.com\/centroespiritaluzdeamor\",\"https:\/\/www.instagram.com\/centroespiritaluzdeamor\/\",\"https:\/\/www.youtube.com\/channel\/UCVUtvxYz5vNSeJWXt7SMdjw\",\"https:\/\/www.tiktok.com\/@centroespiritaluzdeamor?is_from_webapp=1&sender_device=pc\"]}]}<\/script>\n<!-- \/ Yoast SEO plugin. -->","yoast_head_json":{"title":"4.2 Pel\u00edculas Esp\u00edritas -","robots":{"index":"index","follow":"follow","max-snippet":"max-snippet:-1","max-image-preview":"max-image-preview:large","max-video-preview":"max-video-preview:-1"},"canonical":"https:\/\/cela.com.co\/index.php\/events\/","og_locale":"es_ES","og_type":"article","og_title":"4.2 Pel\u00edculas Esp\u00edritas -","og_url":"https:\/\/cela.com.co\/index.php\/events\/","article_publisher":"https:\/\/www.facebook.com\/centroespiritaluzdeamor","article_modified_time":"2025-08-10T03:51:12+00:00","twitter_card":"summary_large_image","schema":{"@context":"https:\/\/schema.org","@graph":[{"@type":"WebPage","@id":"https:\/\/cela.com.co\/index.php\/events\/","url":"https:\/\/cela.com.co\/index.php\/events\/","name":"4.2 Pel\u00edculas Esp\u00edritas -","isPartOf":{"@id":"https:\/\/cela.com.co\/#website"},"datePublished":"2022-12-21T07:15:13+00:00","dateModified":"2025-08-10T03:51:12+00:00","breadcrumb":{"@id":"https:\/\/cela.com.co\/index.php\/events\/#breadcrumb"},"inLanguage":"es","potentialAction":[{"@type":"ReadAction","target":["https:\/\/cela.com.co\/index.php\/events\/"]}]},{"@type":"BreadcrumbList","@id":"https:\/\/cela.com.co\/index.php\/events\/#breadcrumb","itemListElement":[{"@type":"ListItem","position":1,"name":"Portada","item":"https:\/\/cela.com.co\/"},{"@type":"ListItem","position":2,"name":"4.2 Pel\u00edculas Esp\u00edritas"}]},{"@type":"WebSite","@id":"https:\/\/cela.com.co\/#website","url":"https:\/\/cela.com.co\/","name":"cela.com.co","description":"Centro Esp\u00edrita Luz de Amor - CELA","publisher":{"@id":"https:\/\/cela.com.co\/#organization"},"potentialAction":[{"@type":"SearchAction","target":{"@type":"EntryPoint","urlTemplate":"https:\/\/cela.com.co\/?s={search_term_string}"},"query-input":{"@type":"PropertyValueSpecification","valueRequired":true,"valueName":"search_term_string"}}],"inLanguage":"es"},{"@type":"Organization","@id":"https:\/\/cela.com.co\/#organization","name":"Centro Esp\u00edrita Luz de Amor","url":"https:\/\/cela.com.co\/","logo":{"@type":"ImageObject","inLanguage":"es","@id":"https:\/\/cela.com.co\/#\/schema\/logo\/image\/","url":"https:\/\/cela.com.co\/wp-content\/uploads\/2025\/10\/Diseno-sin-titulo.png","contentUrl":"https:\/\/cela.com.co\/wp-content\/uploads\/2025\/10\/Diseno-sin-titulo.png","width":1200,"height":1200,"caption":"Centro Esp\u00edrita Luz de Amor"},"image":{"@id":"https:\/\/cela.com.co\/#\/schema\/logo\/image\/"},"sameAs":["https:\/\/www.facebook.com\/centroespiritaluzdeamor","https:\/\/www.instagram.com\/centroespiritaluzdeamor\/","https:\/\/www.youtube.com\/channel\/UCVUtvxYz5vNSeJWXt7SMdjw","https:\/\/www.tiktok.com\/@centroespiritaluzdeamor?is_from_webapp=1&sender_device=pc"]}]}},"builder_content":"<h1 style=\"text-align: center;\">PEL\u00cdCULAS ESP\u00cdRITAS<\/h1>\n[aiovg_videos]","_links":{"self":[{"href":"https:\/\/cela.com.co\/index.php\/wp-json\/wp\/v2\/pages\/49","targetHints":{"allow":["GET"]}}],"collection":[{"href":"https:\/\/cela.com.co\/index.php\/wp-json\/wp\/v2\/pages"}],"about":[{"href":"https:\/\/cela.com.co\/index.php\/wp-json\/wp\/v2\/types\/page"}],"author":[{"embeddable":true,"href":"https:\/\/cela.com.co\/index.php\/wp-json\/wp\/v2\/users\/1"}],"replies":[{"embeddable":true,"href":"https:\/\/cela.com.co\/index.php\/wp-json\/wp\/v2\/comments?post=49"}],"version-history":[{"count":49,"href":"https:\/\/cela.com.co\/index.php\/wp-json\/wp\/v2\/pages\/49\/revisions"}],"predecessor-version":[{"id":1559,"href":"https:\/\/cela.com.co\/index.php\/wp-json\/wp\/v2\/pages\/49\/revisions\/1559"}],"wp:attachment":[{"href":"https:\/\/cela.com.co\/index.php\/wp-json\/wp\/v2\/media?parent=49"}],"curies":[{"name":"wp","href":"https:\/\/api.w.org\/{rel}","templated":true}]}}